{"id":7585,"date":"2025-03-04T09:16:39","date_gmt":"2025-03-04T09:16:39","guid":{"rendered":"https:\/\/projeler.cbvip.net\/?page_id=7585"},"modified":"2025-03-10T14:49:06","modified_gmt":"2025-03-10T14:49:06","slug":"one-cikan-projeler","status":"publish","type":"page","link":"https:\/\/projeler.cbvip.net\/en\/one-cikan-projeler\/","title":{"rendered":"FEATURED PROJECTS"},"content":{"rendered":"<p class=\"o-typing-delay-100ms o-typing-faster\"><o-anim-typing><strong>OUR FEATURED PROJECTS \u2013 PRESTIGE AND PROFIT TOGETHER!<br><\/strong>Real estate investment is a gateway to a valuable future with the right project. Our projects Concept Bulvar, VIP WEST, VIP NOVA, VIP VELA, and VIP AKADEM\u0130 stand out with their high investment potential, central locations, and unique living opportunities.<br><strong>Profitable Locations<br><\/strong>Our projects, located in the city\u2019s developing areas close to transportation networks and social amenities, offer excellent opportunities for both residence and investment.<br><strong>Aesthetic and Comfortable Living Spaces<br><\/strong>We design projects with modern architecture and spacious, airy apartment layouts that enhance your quality of life.<br><strong>High Value Appreciation &amp; Profitable Investment<br><\/strong>The right investment at the right time! Add value to your investment with our projects implemented in appreciating regions.<br><strong>Safe and Quality Structures<br><\/strong>With construction quality, engineering calculations, and carefully selected materials, we build solid structures where you can live safely for many years.<br>Join the Winners Now!<br><strong>Contact us for detailed information and to visit our projects in person. Discover the life of your dreams now!<\/strong><\/o-anim-typing><\/p>\n\n\n\n<p><\/p>","protected":false},"excerpt":{"rendered":"<p>\u00d6NE \u00c7IKAN PROJELER\u0130M\u0130Z \u2013 PREST\u0130J VE KAZAN\u00c7 B\u0130R ARADA!Gayrimenkul yat\u0131r\u0131m\u0131, do\u011fru proje ile de\u011ferli bir gelece\u011fe a\u00e7\u0131lan kap\u0131d\u0131r. Concept Bulvar, VIP WEST, VIP NOVA, VIP VELA ve VIP AKADEM\u0130 projelerimiz, y\u00fcksek yat\u0131r\u0131m potansiyeli, merkezi lokasyonlar\u0131 ve benzersiz ya\u015fam olanaklar\u0131yla \u00f6ne \u00e7\u0131k\u0131yor.Kazand\u0131ran Lokasyonlar\u015eehrin geli\u015fen b\u00f6lgelerinde, ula\u015f\u0131m a\u011flar\u0131na ve sosyal olanaklara yak\u0131n [&hellip;]<\/p>\n","protected":false},"author":1,"featured_media":0,"parent":0,"menu_order":0,"comment_status":"closed","ping_status":"closed","template":"","meta":{"_acf_changed":false,"_uag_custom_page_level_css":"","pgc_sgb_lightbox_settings":"","_themeisle_gutenberg_block_has_review":false,"inspiro_page_layout":"narrow","inspiro_hide_title":false,"footnotes":""},"class_list":["post-7585","page","type-page","status-publish","hentry"],"acf":[],"uagb_featured_image_src":{"full":false,"thumbnail":false,"medium":false,"medium_large":false,"large":false,"1536x1536":false,"2048x2048":false,"trp-custom-language-flag":false,"wpzoom-rcb-block-header":false,"wpzoom-rcb-block-header@2x":false,"wpzoom-rcb-block-header-square":false,"wpzoom-rcb-block-header-portrait":false,"wpzoom-rcb-block-header-square@2x":false,"wpzoom-rcb-block-step-image":false,"wpzoom-rcb-block-step-image@2x":false,"wpzoom-rcb-structured-data-1_1":false,"wpzoom-rcb-structured-data-4_3":false,"wpzoom-rcb-structured-data-16_9":false,"featured":false,"featured@2x":false,"featured-small":false,"recent-thumbnail":false,"recent-thumbnail-retina":false,"woo-featured":false,"entry-cover":false,"entry-cover@2x":false,"loop":false,"loop@2x":false,"portfolio-scroller-widget":false,"portfolio_item-thumbnail":false,"portfolio_item-thumbnail@2x":false,"portfolio_item-masonry":false,"portfolio_item-thumbnail_wide":false,"portfolio_item-thumbnail_wide_cinema":false,"portfolio_item-thumbnail_cinema":false,"portfolio_item-thumbnail_portrait":false,"portfolio_item-thumbnail_square":false,"portfolio_item-masonry@2x":false,"portfolio_item-thumbnail_portrait@2x":false},"uagb_author_info":{"display_name":"cbvip","author_link":"https:\/\/projeler.cbvip.net\/en\/author\/bektasalicankaya\/"},"uagb_comment_info":0,"uagb_excerpt":"\u00d6NE \u00c7IKAN PROJELER\u0130M\u0130Z \u2013 PREST\u0130J VE KAZAN\u00c7 B\u0130R ARADA!Gayrimenkul yat\u0131r\u0131m\u0131, do\u011fru proje ile de\u011ferli bir gelece\u011fe a\u00e7\u0131lan kap\u0131d\u0131r. Concept Bulvar, VIP WEST, VIP NOVA, VIP VELA ve VIP AKADEM\u0130 projelerimiz, y\u00fcksek yat\u0131r\u0131m potansiyeli, merkezi lokasyonlar\u0131 ve benzersiz ya\u015fam olanaklar\u0131yla \u00f6ne \u00e7\u0131k\u0131yor.Kazand\u0131ran Lokasyonlar\u015eehrin geli\u015fen b\u00f6lgelerinde, ula\u015f\u0131m a\u011flar\u0131na ve sosyal olanaklara yak\u0131n [&hellip;]","featured_media_urls":[],"_links":{"self":[{"href":"https:\/\/projeler.cbvip.net\/en\/wp-json\/wp\/v2\/pages\/7585","targetHints":{"allow":["GET"]}}],"collection":[{"href":"https:\/\/projeler.cbvip.net\/en\/wp-json\/wp\/v2\/pages"}],"about":[{"href":"https:\/\/projeler.cbvip.net\/en\/wp-json\/wp\/v2\/types\/page"}],"author":[{"embeddable":true,"href":"https:\/\/projeler.cbvip.net\/en\/wp-json\/wp\/v2\/users\/1"}],"replies":[{"embeddable":true,"href":"https:\/\/projeler.cbvip.net\/en\/wp-json\/wp\/v2\/comments?post=7585"}],"version-history":[{"count":3,"href":"https:\/\/projeler.cbvip.net\/en\/wp-json\/wp\/v2\/pages\/7585\/revisions"}],"predecessor-version":[{"id":8215,"href":"https:\/\/projeler.cbvip.net\/en\/wp-json\/wp\/v2\/pages\/7585\/revisions\/8215"}],"wp:attachment":[{"href":"https:\/\/projeler.cbvip.net\/en\/wp-json\/wp\/v2\/media?parent=7585"}],"curies":[{"name":"wp","href":"https:\/\/api.w.org\/{rel}","templated":true}]}}