{"id":7583,"date":"2025-03-04T09:16:13","date_gmt":"2025-03-04T09:16:13","guid":{"rendered":"https:\/\/projeler.cbvip.net\/?page_id=7583"},"modified":"2025-03-10T11:59:59","modified_gmt":"2025-03-10T11:59:59","slug":"proje-haritasi","status":"publish","type":"page","link":"https:\/\/projeler.cbvip.net\/en\/proje-haritasi\/","title":{"rendered":"PROJECT MAP"},"content":{"rendered":"<figure class=\"wp-block-image size-full animated backInLeft\"><img fetchpriority=\"high\" decoding=\"async\" width=\"1156\" height=\"1067\" src=\"https:\/\/projeler.cbvip.net\/wp-content\/uploads\/2025\/03\/b76bbe07-d664-430a-af72-c9326ae4f15f.jpeg\" alt=\"\" class=\"wp-image-8198\" srcset=\"https:\/\/projeler.cbvip.net\/wp-content\/uploads\/2025\/03\/b76bbe07-d664-430a-af72-c9326ae4f15f.jpeg 1156w, https:\/\/projeler.cbvip.net\/wp-content\/uploads\/2025\/03\/b76bbe07-d664-430a-af72-c9326ae4f15f-300x277.jpeg 300w, https:\/\/projeler.cbvip.net\/wp-content\/uploads\/2025\/03\/b76bbe07-d664-430a-af72-c9326ae4f15f-1024x945.jpeg 1024w\" sizes=\"(max-width: 1156px) 100vw, 1156px\" \/><\/figure>\n\n\n\n<p class=\"o-typing-delay-100ms o-typing-faster\">Gayrimenkul sekt\u00f6r\u00fcnde uzun y\u0131llard\u0131r edindi\u011fimiz tecr\u00fcbe ve vizyonumuzla, kaliteli ve \u00f6zg\u00fcn projelere imza at\u0131yoruz. Her bir projemizde, m\u00fc\u015fteri memnuniyetini en \u00f6n planda tutarak, ya\u015fam alanlar\u0131n\u0131n her detay\u0131n\u0131 \u00f6zenle tasarl\u0131yor ve in\u015fa ediyoruz. Bu haritada yer alan <strong>ye\u015fil<\/strong> ile i\u015faretlenmi\u015f projelerimiz, tamamlanarak sahiplerine teslim edilmi\u015ftir ve her biri, hem yat\u0131r\u0131mc\u0131lar\u0131m\u0131za de\u011fer kazand\u0131rm\u0131\u015f hem de b\u00f6lgeye prestij katm\u0131\u015ft\u0131r.<br><strong>K\u0131rm\u0131z\u0131 <\/strong>ile i\u015faretledi\u011fimiz projelerimiz, sat\u0131\u015fa sunulmu\u015f olup, h\u00e2l\u00e2 yat\u0131r\u0131m f\u0131rsatlar\u0131 sunmaktad\u0131r. Modern ya\u015fam alanlar\u0131, y\u00fcksek kaliteli in\u015faat malzemeleri ve e\u015fsiz lokasyonlar\u0131 ile bu projeler, hem oturum hem de yat\u0131r\u0131m ama\u00e7l\u0131 m\u00fclk arayanlara m\u00fckemmel f\u0131rsatlar sunuyor. \u0130leriye d\u00f6n\u00fck kazan\u00e7 sa\u011flayan projelerimizle, her zaman daha fazlas\u0131n\u0131 ba\u015farmay\u0131 ve sekt\u00f6rdeki liderli\u011fimizi s\u00fcrd\u00fcrmeyi hedefliyoruz.<br>Her ad\u0131mda kaliteyi ve g\u00fcveni \u00f6n planda tutarak, sekt\u00f6rdeki yenilik\u00e7i yakla\u015f\u0131mlar\u0131m\u0131zla yeni ya\u015fam alanlar\u0131 yaratmaya devam ediyoruz. Gelece\u011fe dair umut veren projelerimizle, her bir m\u00fc\u015fterimize en iyi ya\u015fam deneyimini sunmay\u0131 ama\u00e7l\u0131yoruz.<\/p>\n\n\n\n<p><\/p>","protected":false},"excerpt":{"rendered":"<p>Gayrimenkul sekt\u00f6r\u00fcnde uzun y\u0131llard\u0131r edindi\u011fimiz tecr\u00fcbe ve vizyonumuzla, kaliteli ve \u00f6zg\u00fcn projelere imza at\u0131yoruz. Her bir projemizde, m\u00fc\u015fteri memnuniyetini en \u00f6n planda tutarak, ya\u015fam alanlar\u0131n\u0131n her detay\u0131n\u0131 \u00f6zenle tasarl\u0131yor ve in\u015fa ediyoruz. Bu haritada yer alan ye\u015fil ile i\u015faretlenmi\u015f projelerimiz, tamamlanarak sahiplerine teslim edilmi\u015ftir ve her biri, hem yat\u0131r\u0131mc\u0131lar\u0131m\u0131za de\u011fer [&hellip;]<\/p>\n","protected":false},"author":1,"featured_media":0,"parent":0,"menu_order":0,"comment_status":"closed","ping_status":"closed","template":"","meta":{"_acf_changed":false,"_uag_custom_page_level_css":"","pgc_sgb_lightbox_settings":"","_themeisle_gutenberg_block_has_review":false,"inspiro_page_layout":"narrow","inspiro_hide_title":false,"footnotes":""},"class_list":["post-7583","page","type-page","status-publish","hentry"],"acf":[],"uagb_featured_image_src":{"full":false,"thumbnail":false,"medium":false,"medium_large":false,"large":false,"1536x1536":false,"2048x2048":false,"trp-custom-language-flag":false,"wpzoom-rcb-block-header":false,"wpzoom-rcb-block-header@2x":false,"wpzoom-rcb-block-header-square":false,"wpzoom-rcb-block-header-portrait":false,"wpzoom-rcb-block-header-square@2x":false,"wpzoom-rcb-block-step-image":false,"wpzoom-rcb-block-step-image@2x":false,"wpzoom-rcb-structured-data-1_1":false,"wpzoom-rcb-structured-data-4_3":false,"wpzoom-rcb-structured-data-16_9":false,"featured":false,"featured@2x":false,"featured-small":false,"recent-thumbnail":false,"recent-thumbnail-retina":false,"woo-featured":false,"entry-cover":false,"entry-cover@2x":false,"loop":false,"loop@2x":false,"portfolio-scroller-widget":false,"portfolio_item-thumbnail":false,"portfolio_item-thumbnail@2x":false,"portfolio_item-masonry":false,"portfolio_item-thumbnail_wide":false,"portfolio_item-thumbnail_wide_cinema":false,"portfolio_item-thumbnail_cinema":false,"portfolio_item-thumbnail_portrait":false,"portfolio_item-thumbnail_square":false,"portfolio_item-masonry@2x":false,"portfolio_item-thumbnail_portrait@2x":false},"uagb_author_info":{"display_name":"cbvip","author_link":"https:\/\/projeler.cbvip.net\/en\/author\/bektasalicankaya\/"},"uagb_comment_info":0,"uagb_excerpt":"Gayrimenkul sekt\u00f6r\u00fcnde uzun y\u0131llard\u0131r edindi\u011fimiz tecr\u00fcbe ve vizyonumuzla, kaliteli ve \u00f6zg\u00fcn projelere imza at\u0131yoruz. Her bir projemizde, m\u00fc\u015fteri memnuniyetini en \u00f6n planda tutarak, ya\u015fam alanlar\u0131n\u0131n her detay\u0131n\u0131 \u00f6zenle tasarl\u0131yor ve in\u015fa ediyoruz. Bu haritada yer alan ye\u015fil ile i\u015faretlenmi\u015f projelerimiz, tamamlanarak sahiplerine teslim edilmi\u015ftir ve her biri, hem yat\u0131r\u0131mc\u0131lar\u0131m\u0131za de\u011fer [&hellip;]","featured_media_urls":[],"_links":{"self":[{"href":"https:\/\/projeler.cbvip.net\/en\/wp-json\/wp\/v2\/pages\/7583","targetHints":{"allow":["GET"]}}],"collection":[{"href":"https:\/\/projeler.cbvip.net\/en\/wp-json\/wp\/v2\/pages"}],"about":[{"href":"https:\/\/projeler.cbvip.net\/en\/wp-json\/wp\/v2\/types\/page"}],"author":[{"embeddable":true,"href":"https:\/\/projeler.cbvip.net\/en\/wp-json\/wp\/v2\/users\/1"}],"replies":[{"embeddable":true,"href":"https:\/\/projeler.cbvip.net\/en\/wp-json\/wp\/v2\/comments?post=7583"}],"version-history":[{"count":3,"href":"https:\/\/projeler.cbvip.net\/en\/wp-json\/wp\/v2\/pages\/7583\/revisions"}],"predecessor-version":[{"id":8201,"href":"https:\/\/projeler.cbvip.net\/en\/wp-json\/wp\/v2\/pages\/7583\/revisions\/8201"}],"wp:attachment":[{"href":"https:\/\/projeler.cbvip.net\/en\/wp-json\/wp\/v2\/media?parent=7583"}],"curies":[{"name":"wp","href":"https:\/\/api.w.org\/{rel}","templated":true}]}}