{"id":7563,"date":"2025-03-04T09:07:28","date_gmt":"2025-03-04T09:07:28","guid":{"rendered":"https:\/\/projeler.cbvip.net\/?page_id=7563"},"modified":"2025-03-05T10:24:59","modified_gmt":"2025-03-05T10:24:59","slug":"satis-pazarlama","status":"publish","type":"page","link":"https:\/\/projeler.cbvip.net\/en\/satis-pazarlama\/","title":{"rendered":"SALES &amp; MARKETING"},"content":{"rendered":"<p><strong>Strategic Sales and Strong Marketing Solutions in Real Estate<\/strong><\/p>\n\n\n\n<p>As Coldwell Banker VIP Real, with our strong expertise in the real estate sector and innovative marketing strategies, we offer our clients the best sales experience. With our extensive portfolio across Turkey, we provide the most profitable opportunities for investors and buyers while delivering effective sales solutions for project developers.<\/p>\n\n\n\n<p><strong>Individual and Corporate Sales Solutions<\/strong><br>In residential, commercial real estate, land, and project-based sales, our professional consultants help you make the right investment decisions. With Turkey\u2019s largest and most experienced team in the real estate sector, we connect buyers and investors with the right projects.<\/p>\n\n\n\n<p><strong>Data-Driven Marketing Strategies<\/strong><br>In our marketing processes, we utilize target audience analyses, digital ad management, and sales strategies supported by the latest technologies. We effectively manage channels such as social media, digital platforms, print media, and event organizations in our advertising and promotional activities.<\/p>\n\n\n\n<p><strong>Innovative Sales Methods<\/strong><br>With virtual tours, drone footage, professional visuals, 3D modeling, and interactive presentations, we offer our clients the opportunity to experience projects in the most realistic way. By utilizing digital technology efficiently in our sales processes, we accelerate investors' decision-making.<\/p>\n\n\n\n<p><strong>Strong Partnerships and Extensive Client Network<\/strong><br>Thanks to Coldwell Banker\u2019s international brand power and extensive investor network, we connect your projects with the right buyers. With our broad client portfolio and strong industry partnerships, we provide fast and effective sales solutions.<\/p>\n\n\n\n<p><strong>Sales Success with the Coldwell Banker VIP Real Difference<\/strong><br>By developing tailored sales strategies for each project, we aim to maximize investment returns. With our expert sales team, we offer the most advantageous opportunities to investors and buyers while ensuring high sales performance for project developers.<\/p>\n\n\n\n<p><strong>The Right Address for Profitable Investments!<\/strong><br>Make the right investments with Coldwell Banker VIP Real\u2019s expert sales and marketing team, and bring your project sales process to success!<\/p>","protected":false},"excerpt":{"rendered":"<p>Gayrimenkulde Stratejik Sat\u0131\u015f ve G\u00fc\u00e7l\u00fc Pazarlama \u00c7\u00f6z\u00fcmleri Coldwell Banker VIP Real olarak, gayrimenkul sekt\u00f6r\u00fcndeki g\u00fc\u00e7l\u00fc uzmanl\u0131\u011f\u0131m\u0131z ve yenilik\u00e7i pazarlama stratejilerimizle, m\u00fc\u015fterilerimize en iyi sat\u0131\u015f deneyimini sunuyoruz. T\u00fcrkiye\u2019nin d\u00f6rt bir yan\u0131ndaki geni\u015f portf\u00f6y\u00fcm\u00fczle, yat\u0131r\u0131mc\u0131lar ve al\u0131c\u0131lar i\u00e7in en kazan\u00e7l\u0131 f\u0131rsatlar\u0131 sunarken, proje geli\u015ftiricileri i\u00e7in de etkin sat\u0131\u015f \u00e7\u00f6z\u00fcmleri \u00fcretiyoruz. Bireysel ve [&hellip;]<\/p>\n","protected":false},"author":1,"featured_media":0,"parent":0,"menu_order":0,"comment_status":"closed","ping_status":"closed","template":"","meta":{"_acf_changed":false,"_uag_custom_page_level_css":"","pgc_sgb_lightbox_settings":"","_themeisle_gutenberg_block_has_review":false,"inspiro_page_layout":"narrow","inspiro_hide_title":false,"footnotes":""},"class_list":["post-7563","page","type-page","status-publish","hentry"],"acf":[],"uagb_featured_image_src":{"full":false,"thumbnail":false,"medium":false,"medium_large":false,"large":false,"1536x1536":false,"2048x2048":false,"trp-custom-language-flag":false,"wpzoom-rcb-block-header":false,"wpzoom-rcb-block-header@2x":false,"wpzoom-rcb-block-header-square":false,"wpzoom-rcb-block-header-portrait":false,"wpzoom-rcb-block-header-square@2x":false,"wpzoom-rcb-block-step-image":false,"wpzoom-rcb-block-step-image@2x":false,"wpzoom-rcb-structured-data-1_1":false,"wpzoom-rcb-structured-data-4_3":false,"wpzoom-rcb-structured-data-16_9":false,"featured":false,"featured@2x":false,"featured-small":false,"recent-thumbnail":false,"recent-thumbnail-retina":false,"woo-featured":false,"entry-cover":false,"entry-cover@2x":false,"loop":false,"loop@2x":false,"portfolio-scroller-widget":false,"portfolio_item-thumbnail":false,"portfolio_item-thumbnail@2x":false,"portfolio_item-masonry":false,"portfolio_item-thumbnail_wide":false,"portfolio_item-thumbnail_wide_cinema":false,"portfolio_item-thumbnail_cinema":false,"portfolio_item-thumbnail_portrait":false,"portfolio_item-thumbnail_square":false,"portfolio_item-masonry@2x":false,"portfolio_item-thumbnail_portrait@2x":false},"uagb_author_info":{"display_name":"cbvip","author_link":"https:\/\/projeler.cbvip.net\/en\/author\/bektasalicankaya\/"},"uagb_comment_info":0,"uagb_excerpt":"Gayrimenkulde Stratejik Sat\u0131\u015f ve G\u00fc\u00e7l\u00fc Pazarlama \u00c7\u00f6z\u00fcmleri Coldwell Banker VIP Real olarak, gayrimenkul sekt\u00f6r\u00fcndeki g\u00fc\u00e7l\u00fc uzmanl\u0131\u011f\u0131m\u0131z ve yenilik\u00e7i pazarlama stratejilerimizle, m\u00fc\u015fterilerimize en iyi sat\u0131\u015f deneyimini sunuyoruz. T\u00fcrkiye\u2019nin d\u00f6rt bir yan\u0131ndaki geni\u015f portf\u00f6y\u00fcm\u00fczle, yat\u0131r\u0131mc\u0131lar ve al\u0131c\u0131lar i\u00e7in en kazan\u00e7l\u0131 f\u0131rsatlar\u0131 sunarken, proje geli\u015ftiricileri i\u00e7in de etkin sat\u0131\u015f \u00e7\u00f6z\u00fcmleri \u00fcretiyoruz. Bireysel ve [&hellip;]","featured_media_urls":[],"_links":{"self":[{"href":"https:\/\/projeler.cbvip.net\/en\/wp-json\/wp\/v2\/pages\/7563","targetHints":{"allow":["GET"]}}],"collection":[{"href":"https:\/\/projeler.cbvip.net\/en\/wp-json\/wp\/v2\/pages"}],"about":[{"href":"https:\/\/projeler.cbvip.net\/en\/wp-json\/wp\/v2\/types\/page"}],"author":[{"embeddable":true,"href":"https:\/\/projeler.cbvip.net\/en\/wp-json\/wp\/v2\/users\/1"}],"replies":[{"embeddable":true,"href":"https:\/\/projeler.cbvip.net\/en\/wp-json\/wp\/v2\/comments?post=7563"}],"version-history":[{"count":2,"href":"https:\/\/projeler.cbvip.net\/en\/wp-json\/wp\/v2\/pages\/7563\/revisions"}],"predecessor-version":[{"id":7803,"href":"https:\/\/projeler.cbvip.net\/en\/wp-json\/wp\/v2\/pages\/7563\/revisions\/7803"}],"wp:attachment":[{"href":"https:\/\/projeler.cbvip.net\/en\/wp-json\/wp\/v2\/media?parent=7563"}],"curies":[{"name":"wp","href":"https:\/\/api.w.org\/{rel}","templated":true}]}}