{"id":7550,"date":"2025-03-04T08:45:26","date_gmt":"2025-03-04T08:45:26","guid":{"rendered":"https:\/\/projeler.cbvip.net\/?page_id=7550"},"modified":"2025-03-10T14:44:00","modified_gmt":"2025-03-10T14:44:00","slug":"sosyal-sorumluluk-surdurulebilirlik","status":"publish","type":"page","link":"https:\/\/projeler.cbvip.net\/en\/sosyal-sorumluluk-surdurulebilirlik\/","title":{"rendered":"SOCIAL RESPONSIBILITY &amp; SUSTAINABILITY"},"content":{"rendered":"<p class=\"o-typing-delay-100ms o-typing-faster\"><o-anim-typing><strong>We Add Value to the Future<\/strong><br>As Coldwell Banker VIP Real, we make a difference not only in the real estate sector but also through our responsibility towards society and the environment. With our social responsibility projects and commitment to sustainability, we take steps toward a more livable world.<\/o-anim-typing><\/p>\n\n\n\n<p class=\"o-typing-delay-100ms o-typing-faster\"><o-anim-typing><strong>We Contribute to the Community<\/strong><br>We develop projects in education, health, environment, and social solidarity, aiming to support all segments of society through collaboration with various non-governmental organizations. With the goal of leaving a better world for future generations, we actively contribute to social responsibility initiatives.<\/o-anim-typing><\/p>\n\n\n\n<p class=\"o-typing-delay-100ms o-typing-faster\"><o-anim-typing><strong>We Build Sustainable Living Spaces<\/strong><br>In our projects, we prioritize nature-friendly, energy-efficient, and environmentally conscious solutions. Thinking not only about today but also the future, we develop projects that support sustainable architecture and smart city concepts.<\/o-anim-typing><\/p>\n\n\n\n<p class=\"o-typing-delay-100ms o-typing-faster\"><o-anim-typing><strong>We Protect the Environment<\/strong><br>We work on projects that increase green spaces, prioritize energy conservation, and minimize our carbon footprint. Acting with awareness of protecting natural resources, we support initiatives aimed at raising sensitivity towards recycling and waste management.<\/o-anim-typing><\/p>\n\n\n\n<p class=\"o-typing-delay-100ms o-typing-faster\"><o-anim-typing><strong>Hand in Hand for a Stronger Community<\/strong><br>We believe that the business world should grow not only through commercial gains but also through the contributions it makes to society. Therefore, we support social development through educational support programs, social aid, and volunteer activities.<\/o-anim-typing><\/p>\n\n\n\n<p class=\"o-typing-delay-100ms o-typing-faster\"><o-anim-typing>As Coldwell Banker VIP Real, we work not only to secure your investments but also to safeguard the future in the real estate sector. We continue to act together for a more conscious, sustainable, and socially responsible world!<\/o-anim-typing><\/p>\n\n\n\n<p><\/p>","protected":false},"excerpt":{"rendered":"<p>Gelece\u011fe De\u011fer Kat\u0131yoruzColdwell Banker VIP Real olarak, sadece gayrimenkul sekt\u00f6r\u00fcnde de\u011fil, topluma ve \u00e7evreye duydu\u011fumuz sorumlulukla da fark yarat\u0131yoruz. Sosyal sorumluluk projelerimiz ve s\u00fcrd\u00fcr\u00fclebilirlik anlay\u0131\u015f\u0131m\u0131zla, daha ya\u015fanabilir bir d\u00fcnya i\u00e7in ad\u0131mlar at\u0131yoruz. Topluma Katk\u0131 Sa\u011fl\u0131yoruzE\u011fitim, sa\u011fl\u0131k, \u00e7evre ve sosyal dayan\u0131\u015fma alanlar\u0131nda projeler geli\u015ftiriyor, \u00e7e\u015fitli sivil toplum kurulu\u015flar\u0131yla i\u015f birli\u011fi yaparak [&hellip;]<\/p>\n","protected":false},"author":1,"featured_media":0,"parent":0,"menu_order":0,"comment_status":"closed","ping_status":"closed","template":"","meta":{"_acf_changed":false,"_uag_custom_page_level_css":"","pgc_sgb_lightbox_settings":"","_themeisle_gutenberg_block_has_review":false,"inspiro_page_layout":"narrow","inspiro_hide_title":false,"footnotes":""},"class_list":["post-7550","page","type-page","status-publish","hentry"],"acf":[],"uagb_featured_image_src":{"full":false,"thumbnail":false,"medium":false,"medium_large":false,"large":false,"1536x1536":false,"2048x2048":false,"trp-custom-language-flag":false,"wpzoom-rcb-block-header":false,"wpzoom-rcb-block-header@2x":false,"wpzoom-rcb-block-header-square":false,"wpzoom-rcb-block-header-portrait":false,"wpzoom-rcb-block-header-square@2x":false,"wpzoom-rcb-block-step-image":false,"wpzoom-rcb-block-step-image@2x":false,"wpzoom-rcb-structured-data-1_1":false,"wpzoom-rcb-structured-data-4_3":false,"wpzoom-rcb-structured-data-16_9":false,"featured":false,"featured@2x":false,"featured-small":false,"recent-thumbnail":false,"recent-thumbnail-retina":false,"woo-featured":false,"entry-cover":false,"entry-cover@2x":false,"loop":false,"loop@2x":false,"portfolio-scroller-widget":false,"portfolio_item-thumbnail":false,"portfolio_item-thumbnail@2x":false,"portfolio_item-masonry":false,"portfolio_item-thumbnail_wide":false,"portfolio_item-thumbnail_wide_cinema":false,"portfolio_item-thumbnail_cinema":false,"portfolio_item-thumbnail_portrait":false,"portfolio_item-thumbnail_square":false,"portfolio_item-masonry@2x":false,"portfolio_item-thumbnail_portrait@2x":false},"uagb_author_info":{"display_name":"cbvip","author_link":"https:\/\/projeler.cbvip.net\/en\/author\/bektasalicankaya\/"},"uagb_comment_info":0,"uagb_excerpt":"Gelece\u011fe De\u011fer Kat\u0131yoruzColdwell Banker VIP Real olarak, sadece gayrimenkul sekt\u00f6r\u00fcnde de\u011fil, topluma ve \u00e7evreye duydu\u011fumuz sorumlulukla da fark yarat\u0131yoruz. Sosyal sorumluluk projelerimiz ve s\u00fcrd\u00fcr\u00fclebilirlik anlay\u0131\u015f\u0131m\u0131zla, daha ya\u015fanabilir bir d\u00fcnya i\u00e7in ad\u0131mlar at\u0131yoruz. Topluma Katk\u0131 Sa\u011fl\u0131yoruzE\u011fitim, sa\u011fl\u0131k, \u00e7evre ve sosyal dayan\u0131\u015fma alanlar\u0131nda projeler geli\u015ftiriyor, \u00e7e\u015fitli sivil toplum kurulu\u015flar\u0131yla i\u015f birli\u011fi yaparak [&hellip;]","featured_media_urls":[],"_links":{"self":[{"href":"https:\/\/projeler.cbvip.net\/en\/wp-json\/wp\/v2\/pages\/7550","targetHints":{"allow":["GET"]}}],"collection":[{"href":"https:\/\/projeler.cbvip.net\/en\/wp-json\/wp\/v2\/pages"}],"about":[{"href":"https:\/\/projeler.cbvip.net\/en\/wp-json\/wp\/v2\/types\/page"}],"author":[{"embeddable":true,"href":"https:\/\/projeler.cbvip.net\/en\/wp-json\/wp\/v2\/users\/1"}],"replies":[{"embeddable":true,"href":"https:\/\/projeler.cbvip.net\/en\/wp-json\/wp\/v2\/comments?post=7550"}],"version-history":[{"count":4,"href":"https:\/\/projeler.cbvip.net\/en\/wp-json\/wp\/v2\/pages\/7550\/revisions"}],"predecessor-version":[{"id":8213,"href":"https:\/\/projeler.cbvip.net\/en\/wp-json\/wp\/v2\/pages\/7550\/revisions\/8213"}],"wp:attachment":[{"href":"https:\/\/projeler.cbvip.net\/en\/wp-json\/wp\/v2\/media?parent=7550"}],"curies":[{"name":"wp","href":"https:\/\/api.w.org\/{rel}","templated":true}]}}