{"id":7548,"date":"2025-03-04T08:44:52","date_gmt":"2025-03-04T08:44:52","guid":{"rendered":"https:\/\/projeler.cbvip.net\/?page_id=7548"},"modified":"2025-03-04T08:44:52","modified_gmt":"2025-03-04T08:44:52","slug":"basinda-biz","status":"publish","type":"page","link":"https:\/\/projeler.cbvip.net\/en\/basinda-biz\/","title":{"rendered":"BASINDA B\u0130Z"},"content":{"rendered":"<p>Hakk\u0131n\u0131zda \u00e7\u0131kan haberler, r\u00f6portajlar veya PR \u00e7al\u0131\u015fmalar\u0131<\/p>","protected":false},"excerpt":{"rendered":"<p>Hakk\u0131n\u0131zda \u00e7\u0131kan haberler, r\u00f6portajlar veya PR \u00e7al\u0131\u015fmalar\u0131<\/p>","protected":false},"author":1,"featured_media":0,"parent":0,"menu_order":0,"comment_status":"closed","ping_status":"closed","template":"","meta":{"_acf_changed":false,"_uag_custom_page_level_css":"","pgc_sgb_lightbox_settings":"","_themeisle_gutenberg_block_has_review":false,"inspiro_page_layout":"narrow","inspiro_hide_title":false,"footnotes":""},"class_list":["post-7548","page","type-page","status-publish","hentry"],"acf":[],"uagb_featured_image_src":{"full":false,"thumbnail":false,"medium":false,"medium_large":false,"large":false,"1536x1536":false,"2048x2048":false,"trp-custom-language-flag":false,"wpzoom-rcb-block-header":false,"wpzoom-rcb-block-header@2x":false,"wpzoom-rcb-block-header-square":false,"wpzoom-rcb-block-header-portrait":false,"wpzoom-rcb-block-header-square@2x":false,"wpzoom-rcb-block-step-image":false,"wpzoom-rcb-block-step-image@2x":false,"wpzoom-rcb-structured-data-1_1":false,"wpzoom-rcb-structured-data-4_3":false,"wpzoom-rcb-structured-data-16_9":false,"featured":false,"featured@2x":false,"featured-small":false,"recent-thumbnail":false,"recent-thumbnail-retina":false,"woo-featured":false,"entry-cover":false,"entry-cover@2x":false,"loop":false,"loop@2x":false,"portfolio-scroller-widget":false,"portfolio_item-thumbnail":false,"portfolio_item-thumbnail@2x":false,"portfolio_item-masonry":false,"portfolio_item-thumbnail_wide":false,"portfolio_item-thumbnail_wide_cinema":false,"portfolio_item-thumbnail_cinema":false,"portfolio_item-thumbnail_portrait":false,"portfolio_item-thumbnail_square":false,"portfolio_item-masonry@2x":false,"portfolio_item-thumbnail_portrait@2x":false},"uagb_author_info":{"display_name":"cbvip","author_link":"https:\/\/projeler.cbvip.net\/en\/author\/bektasalicankaya\/"},"uagb_comment_info":0,"uagb_excerpt":"Hakk\u0131n\u0131zda \u00e7\u0131kan haberler, r\u00f6portajlar veya PR \u00e7al\u0131\u015fmalar\u0131","featured_media_urls":[],"_links":{"self":[{"href":"https:\/\/projeler.cbvip.net\/en\/wp-json\/wp\/v2\/pages\/7548","targetHints":{"allow":["GET"]}}],"collection":[{"href":"https:\/\/projeler.cbvip.net\/en\/wp-json\/wp\/v2\/pages"}],"about":[{"href":"https:\/\/projeler.cbvip.net\/en\/wp-json\/wp\/v2\/types\/page"}],"author":[{"embeddable":true,"href":"https:\/\/projeler.cbvip.net\/en\/wp-json\/wp\/v2\/users\/1"}],"replies":[{"embeddable":true,"href":"https:\/\/projeler.cbvip.net\/en\/wp-json\/wp\/v2\/comments?post=7548"}],"version-history":[{"count":1,"href":"https:\/\/projeler.cbvip.net\/en\/wp-json\/wp\/v2\/pages\/7548\/revisions"}],"predecessor-version":[{"id":7549,"href":"https:\/\/projeler.cbvip.net\/en\/wp-json\/wp\/v2\/pages\/7548\/revisions\/7549"}],"wp:attachment":[{"href":"https:\/\/projeler.cbvip.net\/en\/wp-json\/wp\/v2\/media?parent=7548"}],"curies":[{"name":"wp","href":"https:\/\/api.w.org\/{rel}","templated":true}]}}