{"id":7545,"date":"2025-03-04T08:44:14","date_gmt":"2025-03-04T08:44:14","guid":{"rendered":"https:\/\/projeler.cbvip.net\/?page_id=7545"},"modified":"2025-03-10T14:40:38","modified_gmt":"2025-03-10T14:40:38","slug":"basarilar-referanslar","status":"publish","type":"page","link":"https:\/\/projeler.cbvip.net\/en\/basarilar-referanslar\/","title":{"rendered":"ACHIEVEMENTS &amp; REFERENCES"},"content":{"rendered":"<div class=\"wp-block-uagb-container animated backInLeft uagb-block-121f9bff alignfull uagb-is-root-container\"><div class=\"uagb-container-inner-blocks-wrap\">\n<div class=\"wp-block-uagb-container uagb-block-1287e059\">\n<figure class=\"wp-block-image size-large\"><img fetchpriority=\"high\" decoding=\"async\" width=\"1024\" height=\"576\" src=\"https:\/\/projeler.cbvip.net\/wp-content\/uploads\/2025\/03\/islem-1024x576.jpeg\" alt=\"\" class=\"wp-image-8204\" srcset=\"https:\/\/projeler.cbvip.net\/wp-content\/uploads\/2025\/03\/islem-1024x576.jpeg 1024w, https:\/\/projeler.cbvip.net\/wp-content\/uploads\/2025\/03\/islem-300x169.jpeg 300w, https:\/\/projeler.cbvip.net\/wp-content\/uploads\/2025\/03\/islem.jpeg 1600w\" sizes=\"(max-width: 1024px) 100vw, 1024px\" \/><\/figure>\n<\/div>\n\n\n\n<div class=\"wp-block-uagb-container uagb-block-a9163f8f\">\n<p class=\"o-typing-delay-100ms o-typing-faster\"><o-anim-typing>Gayrimenkul sekt\u00f6r\u00fcnde ba\u015far\u0131, yaln\u0131zca sat\u0131\u015f rakamlar\u0131yla de\u011fil, her i\u015flemin arkas\u0131ndaki g\u00fcven ve memnuniyetle \u00f6l\u00e7\u00fcl\u00fcr. Bug\u00fcne kadar <strong>1000&#8217;den fazla ba\u015far\u0131l\u0131 i\u015flem<\/strong> tamamlayarak, yat\u0131r\u0131mc\u0131lar\u0131m\u0131z\u0131n ve m\u00fc\u015fterilerimizin hayallerini ger\u00e7e\u011fe d\u00f6n\u00fc\u015ft\u00fcrd\u00fck. Her a\u015famada \u015feffaf, g\u00fcvenilir ve profesyonel bir yakla\u015f\u0131m sergileyerek, sekt\u00f6r\u00fcn en g\u00fc\u00e7l\u00fc oyuncular\u0131ndan biri olduk.<\/o-anim-typing><\/p>\n<\/div>\n\n\n\n<div class=\"wp-block-uagb-container uagb-block-599a0134\">\n<p class=\"o-typing-delay-100ms o-typing-faster\"><o-anim-typing>Ba\u015far\u0131, sadece rakamlarla de\u011fil, m\u00fc\u015fterilerimizin mutlulu\u011fuyla anlam kazan\u0131r. <strong>500\u2019den fazla ger\u00e7ek m\u00fc\u015fteri yorumu<\/strong>, hizmet kalitemizi ve m\u00fc\u015fteri odakl\u0131 yakla\u015f\u0131m\u0131m\u0131z\u0131 kan\u0131tl\u0131yor. M\u00fc\u015fterilerimizin beklentilerini a\u015fan \u00e7\u00f6z\u00fcmler sunarak, her geri bildirimi daha iyi bir deneyim yaratmak i\u00e7in de\u011ferlendiriyoruz. Bizim i\u00e7in en de\u011ferli referans, m\u00fc\u015fterilerimizin memnuniyetidir.<\/o-anim-typing><\/p>\n<\/div>\n\n\n\n<div class=\"wp-block-uagb-container uagb-block-12f8d0e7\">\n<figure class=\"wp-block-image size-large\"><img decoding=\"async\" width=\"1024\" height=\"576\" src=\"https:\/\/projeler.cbvip.net\/wp-content\/uploads\/2025\/03\/musteri-yorumu-1024x576.jpeg\" alt=\"\" class=\"wp-image-8205\" srcset=\"https:\/\/projeler.cbvip.net\/wp-content\/uploads\/2025\/03\/musteri-yorumu-1024x576.jpeg 1024w, https:\/\/projeler.cbvip.net\/wp-content\/uploads\/2025\/03\/musteri-yorumu-300x169.jpeg 300w, https:\/\/projeler.cbvip.net\/wp-content\/uploads\/2025\/03\/musteri-yorumu.jpeg 1600w\" sizes=\"(max-width: 1024px) 100vw, 1024px\" \/><\/figure>\n<\/div>\n<\/div><\/div>\n\n\n\n<div class=\"wp-block-uagb-container animated backInLeft uagb-block-2e54fed5 alignfull uagb-is-root-container\"><div class=\"uagb-container-inner-blocks-wrap\">\n<div class=\"wp-block-uagb-container uagb-block-f7a0dad8\">\n<figure class=\"wp-block-image size-large\"><img decoding=\"async\" width=\"1024\" height=\"576\" src=\"https:\/\/projeler.cbvip.net\/wp-content\/uploads\/2025\/03\/danisman-1024x576.jpeg\" alt=\"\" class=\"wp-image-8206\" srcset=\"https:\/\/projeler.cbvip.net\/wp-content\/uploads\/2025\/03\/danisman-1024x576.jpeg 1024w, https:\/\/projeler.cbvip.net\/wp-content\/uploads\/2025\/03\/danisman-300x169.jpeg 300w, https:\/\/projeler.cbvip.net\/wp-content\/uploads\/2025\/03\/danisman.jpeg 1600w\" sizes=\"(max-width: 1024px) 100vw, 1024px\" \/><\/figure>\n<\/div>\n\n\n\n<div class=\"wp-block-uagb-container uagb-block-de1aa51c\">\n<p class=\"o-typing-delay-100ms o-typing-faster\"><o-anim-typing>Gayrimenkul sekt\u00f6r\u00fcnde fark yaratmak, g\u00fc\u00e7l\u00fc bir ekiple m\u00fcmk\u00fcnd\u00fcr. <strong>80\u2019den fazla profesyonel dan\u0131\u015fman\u0131m\u0131z<\/strong>, sekt\u00f6rdeki yenilikleri takip eden, m\u00fc\u015fteri memnuniyetini \u00f6nceliklendiren ve en iyi f\u0131rsatlar\u0131 sunan uzmanlardan olu\u015fuyor. Ekibimizin uzmanl\u0131\u011f\u0131 ve sekt\u00f6rel tecr\u00fcbesi, yat\u0131r\u0131mc\u0131lar\u0131m\u0131z\u0131n ve m\u00fc\u015fterilerimizin her ad\u0131mda do\u011fru kararlar vermesini sa\u011fl\u0131yor.<\/o-anim-typing><\/p>\n<\/div>\n<\/div><\/div>\n\n\n\n<div class=\"wp-block-uagb-container animated backInLeft uagb-block-8072b7cd alignfull uagb-is-root-container\"><div class=\"uagb-container-inner-blocks-wrap\">\n<div class=\"wp-block-uagb-container uagb-block-6e3a3279\">\n<p class=\"o-typing-delay-100ms o-typing-faster\"><o-anim-typing>Geni\u015f portf\u00f6y, geni\u015f se\u00e7enekler demektir. <strong>2000\u2019den fazla gayrimenkul portf\u00f6y\u00fc<\/strong> ile her b\u00fct\u00e7eye ve ihtiyaca uygun alternatifler sunuyoruz. \u0130ster yat\u0131r\u0131m, ister oturum ama\u00e7l\u0131 olsun, m\u00fc\u015fterilerimize en do\u011fru se\u00e7enekleri sunmak i\u00e7in s\u00fcrekli olarak portf\u00f6y\u00fcm\u00fcz\u00fc g\u00fcncelliyoruz. Sizin i\u00e7in en iyi f\u0131rsatlar burada!<\/o-anim-typing><\/p>\n<\/div>\n\n\n\n<div class=\"wp-block-uagb-container uagb-block-86df807e\">\n<figure class=\"wp-block-image size-large\"><img loading=\"lazy\" decoding=\"async\" width=\"1024\" height=\"576\" src=\"https:\/\/projeler.cbvip.net\/wp-content\/uploads\/2025\/03\/porfoy-1024x576.jpeg\" alt=\"\" class=\"wp-image-8207\" srcset=\"https:\/\/projeler.cbvip.net\/wp-content\/uploads\/2025\/03\/porfoy-1024x576.jpeg 1024w, https:\/\/projeler.cbvip.net\/wp-content\/uploads\/2025\/03\/porfoy-300x169.jpeg 300w, https:\/\/projeler.cbvip.net\/wp-content\/uploads\/2025\/03\/porfoy.jpeg 1600w\" sizes=\"(max-width: 1024px) 100vw, 1024px\" \/><\/figure>\n<\/div>\n\n\n\n<div class=\"wp-block-uagb-container uagb-block-4feac8b6\"><\/div>\n\n\n\n<div class=\"wp-block-uagb-container uagb-block-a0148361\"><\/div>\n<\/div><\/div>\n\n\n\n<p><\/p>","protected":false},"excerpt":{"rendered":"<p>Gayrimenkul sekt\u00f6r\u00fcnde ba\u015far\u0131, yaln\u0131zca sat\u0131\u015f rakamlar\u0131yla de\u011fil, her i\u015flemin arkas\u0131ndaki g\u00fcven ve memnuniyetle \u00f6l\u00e7\u00fcl\u00fcr. Bug\u00fcne kadar 1000&#8217;den fazla ba\u015far\u0131l\u0131 i\u015flem tamamlayarak, yat\u0131r\u0131mc\u0131lar\u0131m\u0131z\u0131n ve m\u00fc\u015fterilerimizin hayallerini ger\u00e7e\u011fe d\u00f6n\u00fc\u015ft\u00fcrd\u00fck. Her a\u015famada \u015feffaf, g\u00fcvenilir ve profesyonel bir yakla\u015f\u0131m sergileyerek, sekt\u00f6r\u00fcn en g\u00fc\u00e7l\u00fc oyuncular\u0131ndan biri olduk. Ba\u015far\u0131, sadece rakamlarla de\u011fil, m\u00fc\u015fterilerimizin mutlulu\u011fuyla anlam kazan\u0131r. [&hellip;]<\/p>\n","protected":false},"author":1,"featured_media":0,"parent":0,"menu_order":0,"comment_status":"closed","ping_status":"closed","template":"","meta":{"_acf_changed":false,"_uag_custom_page_level_css":"","pgc_sgb_lightbox_settings":"","_themeisle_gutenberg_block_has_review":false,"inspiro_page_layout":"narrow","inspiro_hide_title":false,"footnotes":""},"class_list":["post-7545","page","type-page","status-publish","hentry"],"acf":[],"uagb_featured_image_src":{"full":false,"thumbnail":false,"medium":false,"medium_large":false,"large":false,"1536x1536":false,"2048x2048":false,"trp-custom-language-flag":false,"wpzoom-rcb-block-header":false,"wpzoom-rcb-block-header@2x":false,"wpzoom-rcb-block-header-square":false,"wpzoom-rcb-block-header-portrait":false,"wpzoom-rcb-block-header-square@2x":false,"wpzoom-rcb-block-step-image":false,"wpzoom-rcb-block-step-image@2x":false,"wpzoom-rcb-structured-data-1_1":false,"wpzoom-rcb-structured-data-4_3":false,"wpzoom-rcb-structured-data-16_9":false,"featured":false,"featured@2x":false,"featured-small":false,"recent-thumbnail":false,"recent-thumbnail-retina":false,"woo-featured":false,"entry-cover":false,"entry-cover@2x":false,"loop":false,"loop@2x":false,"portfolio-scroller-widget":false,"portfolio_item-thumbnail":false,"portfolio_item-thumbnail@2x":false,"portfolio_item-masonry":false,"portfolio_item-thumbnail_wide":false,"portfolio_item-thumbnail_wide_cinema":false,"portfolio_item-thumbnail_cinema":false,"portfolio_item-thumbnail_portrait":false,"portfolio_item-thumbnail_square":false,"portfolio_item-masonry@2x":false,"portfolio_item-thumbnail_portrait@2x":false},"uagb_author_info":{"display_name":"cbvip","author_link":"https:\/\/projeler.cbvip.net\/en\/author\/bektasalicankaya\/"},"uagb_comment_info":0,"uagb_excerpt":"Gayrimenkul sekt\u00f6r\u00fcnde ba\u015far\u0131, yaln\u0131zca sat\u0131\u015f rakamlar\u0131yla de\u011fil, her i\u015flemin arkas\u0131ndaki g\u00fcven ve memnuniyetle \u00f6l\u00e7\u00fcl\u00fcr. Bug\u00fcne kadar 1000&#8217;den fazla ba\u015far\u0131l\u0131 i\u015flem tamamlayarak, yat\u0131r\u0131mc\u0131lar\u0131m\u0131z\u0131n ve m\u00fc\u015fterilerimizin hayallerini ger\u00e7e\u011fe d\u00f6n\u00fc\u015ft\u00fcrd\u00fck. Her a\u015famada \u015feffaf, g\u00fcvenilir ve profesyonel bir yakla\u015f\u0131m sergileyerek, sekt\u00f6r\u00fcn en g\u00fc\u00e7l\u00fc oyuncular\u0131ndan biri olduk. Ba\u015far\u0131, sadece rakamlarla de\u011fil, m\u00fc\u015fterilerimizin mutlulu\u011fuyla anlam kazan\u0131r. [&hellip;]","featured_media_urls":[],"_links":{"self":[{"href":"https:\/\/projeler.cbvip.net\/en\/wp-json\/wp\/v2\/pages\/7545","targetHints":{"allow":["GET"]}}],"collection":[{"href":"https:\/\/projeler.cbvip.net\/en\/wp-json\/wp\/v2\/pages"}],"about":[{"href":"https:\/\/projeler.cbvip.net\/en\/wp-json\/wp\/v2\/types\/page"}],"author":[{"embeddable":true,"href":"https:\/\/projeler.cbvip.net\/en\/wp-json\/wp\/v2\/users\/1"}],"replies":[{"embeddable":true,"href":"https:\/\/projeler.cbvip.net\/en\/wp-json\/wp\/v2\/comments?post=7545"}],"version-history":[{"count":4,"href":"https:\/\/projeler.cbvip.net\/en\/wp-json\/wp\/v2\/pages\/7545\/revisions"}],"predecessor-version":[{"id":8210,"href":"https:\/\/projeler.cbvip.net\/en\/wp-json\/wp\/v2\/pages\/7545\/revisions\/8210"}],"wp:attachment":[{"href":"https:\/\/projeler.cbvip.net\/en\/wp-json\/wp\/v2\/media?parent=7545"}],"curies":[{"name":"wp","href":"https:\/\/api.w.org\/{rel}","templated":true}]}}