{"id":7543,"date":"2025-03-04T08:43:26","date_gmt":"2025-03-04T08:43:26","guid":{"rendered":"https:\/\/projeler.cbvip.net\/?page_id=7543"},"modified":"2025-03-05T13:33:01","modified_gmt":"2025-03-05T13:33:01","slug":"ekibimiz","status":"publish","type":"page","link":"https:\/\/projeler.cbvip.net\/en\/ekibimiz\/","title":{"rendered":"OUR TEAM"},"content":{"rendered":"<p class=\"o-typing-delay-100ms o-typing-faster animated backInLeft\"><o-anim-typing>At Coldwell Banker VIP Real, we operate with an expert, dynamic, and experienced team in the real estate sector. Our leading consultants in their fields carefully analyze our clients' needs to provide them with the best investment opportunities.<\/o-anim-typing><\/p>\n\n\n\n<p class=\"o-typing-delay-100ms o-typing-faster animated backInLeft\"><strong>Profesyonellik &amp; Uzmanl\u0131k<\/strong><br><o-anim-typing>Our team possesses extensive knowledge in residential, commercial real estate, and investment projects. Closely monitoring the dynamics of the real estate market, our team continuously analyzes industry innovations and trends to provide the most suitable solutions for each of our clients.<\/o-anim-typing><\/p>\n\n\n\n<p class=\"o-typing-delay-100ms o-typing-faster animated backInLeft\"><o-anim-typing><strong>Customer Satisfaction Is Our Priority<\/strong><br>Each of our clients\u2019 needs is special to us. That\u2019s why our team manages the buying, selling, renting, and investment processes in the most transparent and trustworthy way, guiding our clients to make the right decisions at every step.<\/o-anim-typing><\/p>\n\n\n\n<p class=\"o-typing-delay-100ms o-typing-faster animated backInLeft\"><o-anim-typing><strong>Strong Collaborations &amp; Extensive Network<\/strong><br>As the Coldwell Banker VIP Real team, we have an extensive network across every region of Turkey. Thanks to our strong industry connections, we offer our clients the best opportunities and ensure the value of their investments grows.<\/o-anim-typing><\/p>\n\n\n\n<p class=\"o-typing-delay-100ms o-typing-faster animated backInLeft\"><o-anim-typing><strong>Training &amp; Continuous Development<\/strong><br>Success is possible by never stopping learning. Our team continually renews itself through the international training and development programs offered by Coldwell Banker, maintaining the most up-to-date knowledge in the industry.<\/o-anim-typing><\/p>\n\n\n\n<p class=\"animated backInLeft o-typing-delay-100ms o-typing-faster\"><o-anim-typing>As the Coldwell Banker VIP Real team, under the guidance of our professional consultants, you can manage your real estate investments with confidence and participate in profitable and prestigious projects!<\/o-anim-typing><\/p>","protected":false},"excerpt":{"rendered":"<p>Coldwell Banker VIP Real olarak, gayrimenkul sekt\u00f6r\u00fcnde uzman, dinamik ve deneyimli bir ekiple hizmet veriyoruz. Alan\u0131nda lider dan\u0131\u015fmanlar\u0131m\u0131z, m\u00fc\u015fterilerimizin ihtiya\u00e7lar\u0131n\u0131 en do\u011fru \u015fekilde analiz ederek, onlara en iyi yat\u0131r\u0131m f\u0131rsatlar\u0131n\u0131 sunmak i\u00e7in \u00e7al\u0131\u015f\u0131yor. Profesyonellik &amp; Uzmanl\u0131kEkibimiz, konut, ticari gayrimenkul ve yat\u0131r\u0131m projeleri konusunda y\u00fcksek bilgi birikimine sahiptir. Gayrimenkul piyasas\u0131n\u0131n dinamiklerini [&hellip;]<\/p>\n","protected":false},"author":1,"featured_media":0,"parent":0,"menu_order":0,"comment_status":"closed","ping_status":"closed","template":"","meta":{"_acf_changed":false,"_uag_custom_page_level_css":"","pgc_sgb_lightbox_settings":"","_themeisle_gutenberg_block_has_review":false,"inspiro_page_layout":"narrow","inspiro_hide_title":false,"footnotes":""},"class_list":["post-7543","page","type-page","status-publish","hentry"],"acf":[],"uagb_featured_image_src":{"full":false,"thumbnail":false,"medium":false,"medium_large":false,"large":false,"1536x1536":false,"2048x2048":false,"trp-custom-language-flag":false,"wpzoom-rcb-block-header":false,"wpzoom-rcb-block-header@2x":false,"wpzoom-rcb-block-header-square":false,"wpzoom-rcb-block-header-portrait":false,"wpzoom-rcb-block-header-square@2x":false,"wpzoom-rcb-block-step-image":false,"wpzoom-rcb-block-step-image@2x":false,"wpzoom-rcb-structured-data-1_1":false,"wpzoom-rcb-structured-data-4_3":false,"wpzoom-rcb-structured-data-16_9":false,"featured":false,"featured@2x":false,"featured-small":false,"recent-thumbnail":false,"recent-thumbnail-retina":false,"woo-featured":false,"entry-cover":false,"entry-cover@2x":false,"loop":false,"loop@2x":false,"portfolio-scroller-widget":false,"portfolio_item-thumbnail":false,"portfolio_item-thumbnail@2x":false,"portfolio_item-masonry":false,"portfolio_item-thumbnail_wide":false,"portfolio_item-thumbnail_wide_cinema":false,"portfolio_item-thumbnail_cinema":false,"portfolio_item-thumbnail_portrait":false,"portfolio_item-thumbnail_square":false,"portfolio_item-masonry@2x":false,"portfolio_item-thumbnail_portrait@2x":false},"uagb_author_info":{"display_name":"cbvip","author_link":"https:\/\/projeler.cbvip.net\/en\/author\/bektasalicankaya\/"},"uagb_comment_info":0,"uagb_excerpt":"Coldwell Banker VIP Real olarak, gayrimenkul sekt\u00f6r\u00fcnde uzman, dinamik ve deneyimli bir ekiple hizmet veriyoruz. Alan\u0131nda lider dan\u0131\u015fmanlar\u0131m\u0131z, m\u00fc\u015fterilerimizin ihtiya\u00e7lar\u0131n\u0131 en do\u011fru \u015fekilde analiz ederek, onlara en iyi yat\u0131r\u0131m f\u0131rsatlar\u0131n\u0131 sunmak i\u00e7in \u00e7al\u0131\u015f\u0131yor. Profesyonellik &amp; Uzmanl\u0131kEkibimiz, konut, ticari gayrimenkul ve yat\u0131r\u0131m projeleri konusunda y\u00fcksek bilgi birikimine sahiptir. Gayrimenkul piyasas\u0131n\u0131n dinamiklerini [&hellip;]","featured_media_urls":[],"_links":{"self":[{"href":"https:\/\/projeler.cbvip.net\/en\/wp-json\/wp\/v2\/pages\/7543","targetHints":{"allow":["GET"]}}],"collection":[{"href":"https:\/\/projeler.cbvip.net\/en\/wp-json\/wp\/v2\/pages"}],"about":[{"href":"https:\/\/projeler.cbvip.net\/en\/wp-json\/wp\/v2\/types\/page"}],"author":[{"embeddable":true,"href":"https:\/\/projeler.cbvip.net\/en\/wp-json\/wp\/v2\/users\/1"}],"replies":[{"embeddable":true,"href":"https:\/\/projeler.cbvip.net\/en\/wp-json\/wp\/v2\/comments?post=7543"}],"version-history":[{"count":3,"href":"https:\/\/projeler.cbvip.net\/en\/wp-json\/wp\/v2\/pages\/7543\/revisions"}],"predecessor-version":[{"id":7876,"href":"https:\/\/projeler.cbvip.net\/en\/wp-json\/wp\/v2\/pages\/7543\/revisions\/7876"}],"wp:attachment":[{"href":"https:\/\/projeler.cbvip.net\/en\/wp-json\/wp\/v2\/media?parent=7543"}],"curies":[{"name":"wp","href":"https:\/\/api.w.org\/{rel}","templated":true}]}}