{"id":7541,"date":"2025-03-04T08:42:56","date_gmt":"2025-03-04T08:42:56","guid":{"rendered":"https:\/\/projeler.cbvip.net\/?page_id=7541"},"modified":"2025-03-10T12:04:29","modified_gmt":"2025-03-10T12:04:29","slug":"degerlerimiz","status":"publish","type":"page","link":"https:\/\/projeler.cbvip.net\/en\/degerlerimiz\/","title":{"rendered":"OUR VALUES"},"content":{"rendered":"<div class=\"wp-block-uagb-container animated backInLeft uagb-block-2cbcadcd alignfull uagb-is-root-container\"><div class=\"uagb-container-inner-blocks-wrap\">\n<div class=\"wp-block-uagb-container uagb-block-a3f5e22a\">\n<figure class=\"wp-block-image size-full\"><img fetchpriority=\"high\" decoding=\"async\" width=\"1024\" height=\"1024\" src=\"http:\/\/projeler.cbvip.net\/wp-content\/uploads\/2025\/03\/image-9.png\" alt=\"\" class=\"wp-image-7791\" srcset=\"https:\/\/projeler.cbvip.net\/wp-content\/uploads\/2025\/03\/image-9.png 1024w, https:\/\/projeler.cbvip.net\/wp-content\/uploads\/2025\/03\/image-9-300x300.png 300w, https:\/\/projeler.cbvip.net\/wp-content\/uploads\/2025\/03\/image-9-150x150.png 150w\" sizes=\"(max-width: 1024px) 100vw, 1024px\" \/><\/figure>\n<\/div>\n\n\n\n<div class=\"wp-block-uagb-container uagb-block-49bb3514\">\n<p class=\"o-typing-delay-100ms o-typing-faster\"><strong>Trust and Transparency<\/strong><br>Trust and transparency are our top priorities in the relationships we build with our clients. By managing every process in an open, clear, and honest manner, we uphold the responsibility of being a trustworthy brand in the real estate sector.<\/p>\n<\/div>\n\n\n\n<div class=\"wp-block-uagb-container uagb-block-c3cbd3b0\">\n<figure class=\"wp-block-image size-full\"><img decoding=\"async\" width=\"1024\" height=\"1024\" src=\"http:\/\/projeler.cbvip.net\/wp-content\/uploads\/2025\/03\/image-10.png\" alt=\"\" class=\"wp-image-7792\" srcset=\"https:\/\/projeler.cbvip.net\/wp-content\/uploads\/2025\/03\/image-10.png 1024w, https:\/\/projeler.cbvip.net\/wp-content\/uploads\/2025\/03\/image-10-300x300.png 300w, https:\/\/projeler.cbvip.net\/wp-content\/uploads\/2025\/03\/image-10-150x150.png 150w\" sizes=\"(max-width: 1024px) 100vw, 1024px\" \/><\/figure>\n<\/div>\n\n\n\n<div class=\"wp-block-uagb-container uagb-block-11b97b1b\">\n<p class=\"o-typing-delay-100ms o-typing-faster\"><strong>Professionalism and Expertise<\/strong><br>At Coldwell Banker VIP Real, we provide professional services backed by our in-depth industry knowledge and experienced team. We continuously enhance our expertise to offer each of our clients the best investment opportunities.<\/p>\n<\/div>\n<\/div><\/div>\n\n\n\n<div class=\"wp-block-uagb-container animated backInLeft uagb-block-76e060d1 alignfull uagb-is-root-container\"><div class=\"uagb-container-inner-blocks-wrap\">\n<div class=\"wp-block-uagb-container uagb-block-e481a968\">\n<p class=\"o-typing-delay-100ms o-typing-faster\"><strong>Customer-Oriented Approach<\/strong><br>Understanding our clients' needs and meeting their expectations in the best possible way is essential to us. We strive to offer them not just a property, but long-term value and secure living spaces.<\/p>\n<\/div>\n\n\n\n<div class=\"wp-block-uagb-container uagb-block-3f47ea48\">\n<figure class=\"wp-block-image size-full\"><img decoding=\"async\" width=\"1024\" height=\"1024\" src=\"http:\/\/projeler.cbvip.net\/wp-content\/uploads\/2025\/03\/image-11.png\" alt=\"\" class=\"wp-image-7793\" srcset=\"https:\/\/projeler.cbvip.net\/wp-content\/uploads\/2025\/03\/image-11.png 1024w, https:\/\/projeler.cbvip.net\/wp-content\/uploads\/2025\/03\/image-11-300x300.png 300w, https:\/\/projeler.cbvip.net\/wp-content\/uploads\/2025\/03\/image-11-150x150.png 150w\" sizes=\"(max-width: 1024px) 100vw, 1024px\" \/><\/figure>\n<\/div>\n\n\n\n<div class=\"wp-block-uagb-container uagb-block-f62ca671\">\n<p class=\"o-typing-delay-100ms o-typing-faster\"><strong>Innovation and Sustainability<\/strong><br>By keeping up with the latest trends in the real estate sector, we develop innovative solutions and deliver sustainable projects. Being part of future-shaping developments is a privilege for us.<\/p>\n<\/div>\n\n\n\n<div class=\"wp-block-uagb-container uagb-block-5a38e839\">\n<figure class=\"wp-block-image size-full\"><img loading=\"lazy\" decoding=\"async\" width=\"1024\" height=\"1024\" src=\"http:\/\/projeler.cbvip.net\/wp-content\/uploads\/2025\/03\/image-12.png\" alt=\"\" class=\"wp-image-7794\" srcset=\"https:\/\/projeler.cbvip.net\/wp-content\/uploads\/2025\/03\/image-12.png 1024w, https:\/\/projeler.cbvip.net\/wp-content\/uploads\/2025\/03\/image-12-300x300.png 300w, https:\/\/projeler.cbvip.net\/wp-content\/uploads\/2025\/03\/image-12-150x150.png 150w\" sizes=\"(max-width: 1024px) 100vw, 1024px\" \/><\/figure>\n<\/div>\n<\/div><\/div>\n\n\n\n<div class=\"wp-block-uagb-container animated backInLeft uagb-block-0340b44a alignfull uagb-is-root-container\"><div class=\"uagb-container-inner-blocks-wrap\">\n<div class=\"wp-block-uagb-container uagb-block-1bb63157\">\n<figure class=\"wp-block-image size-full\"><img loading=\"lazy\" decoding=\"async\" width=\"1024\" height=\"1024\" src=\"http:\/\/projeler.cbvip.net\/wp-content\/uploads\/2025\/03\/image-13.png\" alt=\"\" class=\"wp-image-7795\" srcset=\"https:\/\/projeler.cbvip.net\/wp-content\/uploads\/2025\/03\/image-13.png 1024w, https:\/\/projeler.cbvip.net\/wp-content\/uploads\/2025\/03\/image-13-300x300.png 300w, https:\/\/projeler.cbvip.net\/wp-content\/uploads\/2025\/03\/image-13-150x150.png 150w\" sizes=\"(max-width: 1024px) 100vw, 1024px\" \/><\/figure>\n<\/div>\n\n\n\n<div class=\"wp-block-uagb-container uagb-block-46fca04a\">\n<p class=\"o-typing-delay-100ms o-typing-faster\"><strong>Strong Business Partnerships<\/strong><br>Leveraging the strength of a global brand like Coldwell Banker, we collaborate with the most trusted partners in the industry. We continuously expand our strong network to offer the best opportunities to our clients.<\/p>\n<\/div>\n\n\n\n<div class=\"wp-block-uagb-container uagb-block-242a3943\">\n<figure class=\"wp-block-image size-full\"><img loading=\"lazy\" decoding=\"async\" width=\"1024\" height=\"1024\" src=\"http:\/\/projeler.cbvip.net\/wp-content\/uploads\/2025\/03\/image-14.png\" alt=\"\" class=\"wp-image-7796\" srcset=\"https:\/\/projeler.cbvip.net\/wp-content\/uploads\/2025\/03\/image-14.png 1024w, https:\/\/projeler.cbvip.net\/wp-content\/uploads\/2025\/03\/image-14-300x300.png 300w, https:\/\/projeler.cbvip.net\/wp-content\/uploads\/2025\/03\/image-14-150x150.png 150w\" sizes=\"(max-width: 1024px) 100vw, 1024px\" \/><\/figure>\n<\/div>\n\n\n\n<div class=\"wp-block-uagb-container uagb-block-7a579c67\">\n<p class=\"o-typing-delay-100ms o-typing-faster\"><strong>Leadership and Growth<\/strong><br>As one of the largest and most successful real estate consultancy teams in Turkey, we maintain our leading position in the industry. With our commitment to continuous development, we continue to add value to both our clients and our team.<\/p>\n<\/div>\n<\/div><\/div>","protected":false},"excerpt":{"rendered":"<p>G\u00fcven ve \u015eeffafl\u0131kM\u00fc\u015fterilerimizle kurdu\u011fumuz ili\u015fkilerde en \u00f6nemli \u00f6nceli\u011fimiz g\u00fcven ve \u015feffafl\u0131kt\u0131r. Her s\u00fcreci a\u00e7\u0131k, net ve d\u00fcr\u00fcst bir \u015fekilde y\u00f6neterek, sekt\u00f6rde g\u00fcvenilir bir marka olman\u0131n sorumlulu\u011funu ta\u015f\u0131yoruz. Profesyonellik ve Uzmanl\u0131kColdwell Banker VIP Real olarak, sekt\u00f6rdeki derin bilgi birikimimiz ve deneyimli ekibimizle profesyonel hizmet sunuyoruz. Her m\u00fc\u015fterimize en iyi yat\u0131r\u0131m f\u0131rsatlar\u0131n\u0131 [&hellip;]<\/p>\n","protected":false},"author":1,"featured_media":0,"parent":0,"menu_order":0,"comment_status":"closed","ping_status":"closed","template":"","meta":{"_acf_changed":false,"_uag_custom_page_level_css":"","pgc_sgb_lightbox_settings":"","_themeisle_gutenberg_block_has_review":false,"inspiro_page_layout":"narrow","inspiro_hide_title":false,"footnotes":""},"class_list":["post-7541","page","type-page","status-publish","hentry"],"acf":[],"uagb_featured_image_src":{"full":false,"thumbnail":false,"medium":false,"medium_large":false,"large":false,"1536x1536":false,"2048x2048":false,"trp-custom-language-flag":false,"wpzoom-rcb-block-header":false,"wpzoom-rcb-block-header@2x":false,"wpzoom-rcb-block-header-square":false,"wpzoom-rcb-block-header-portrait":false,"wpzoom-rcb-block-header-square@2x":false,"wpzoom-rcb-block-step-image":false,"wpzoom-rcb-block-step-image@2x":false,"wpzoom-rcb-structured-data-1_1":false,"wpzoom-rcb-structured-data-4_3":false,"wpzoom-rcb-structured-data-16_9":false,"featured":false,"featured@2x":false,"featured-small":false,"recent-thumbnail":false,"recent-thumbnail-retina":false,"woo-featured":false,"entry-cover":false,"entry-cover@2x":false,"loop":false,"loop@2x":false,"portfolio-scroller-widget":false,"portfolio_item-thumbnail":false,"portfolio_item-thumbnail@2x":false,"portfolio_item-masonry":false,"portfolio_item-thumbnail_wide":false,"portfolio_item-thumbnail_wide_cinema":false,"portfolio_item-thumbnail_cinema":false,"portfolio_item-thumbnail_portrait":false,"portfolio_item-thumbnail_square":false,"portfolio_item-masonry@2x":false,"portfolio_item-thumbnail_portrait@2x":false},"uagb_author_info":{"display_name":"cbvip","author_link":"https:\/\/projeler.cbvip.net\/en\/author\/bektasalicankaya\/"},"uagb_comment_info":0,"uagb_excerpt":"G\u00fcven ve \u015eeffafl\u0131kM\u00fc\u015fterilerimizle kurdu\u011fumuz ili\u015fkilerde en \u00f6nemli \u00f6nceli\u011fimiz g\u00fcven ve \u015feffafl\u0131kt\u0131r. Her s\u00fcreci a\u00e7\u0131k, net ve d\u00fcr\u00fcst bir \u015fekilde y\u00f6neterek, sekt\u00f6rde g\u00fcvenilir bir marka olman\u0131n sorumlulu\u011funu ta\u015f\u0131yoruz. Profesyonellik ve Uzmanl\u0131kColdwell Banker VIP Real olarak, sekt\u00f6rdeki derin bilgi birikimimiz ve deneyimli ekibimizle profesyonel hizmet sunuyoruz. Her m\u00fc\u015fterimize en iyi yat\u0131r\u0131m f\u0131rsatlar\u0131n\u0131 [&hellip;]","featured_media_urls":[],"_links":{"self":[{"href":"https:\/\/projeler.cbvip.net\/en\/wp-json\/wp\/v2\/pages\/7541","targetHints":{"allow":["GET"]}}],"collection":[{"href":"https:\/\/projeler.cbvip.net\/en\/wp-json\/wp\/v2\/pages"}],"about":[{"href":"https:\/\/projeler.cbvip.net\/en\/wp-json\/wp\/v2\/types\/page"}],"author":[{"embeddable":true,"href":"https:\/\/projeler.cbvip.net\/en\/wp-json\/wp\/v2\/users\/1"}],"replies":[{"embeddable":true,"href":"https:\/\/projeler.cbvip.net\/en\/wp-json\/wp\/v2\/comments?post=7541"}],"version-history":[{"count":4,"href":"https:\/\/projeler.cbvip.net\/en\/wp-json\/wp\/v2\/pages\/7541\/revisions"}],"predecessor-version":[{"id":8202,"href":"https:\/\/projeler.cbvip.net\/en\/wp-json\/wp\/v2\/pages\/7541\/revisions\/8202"}],"wp:attachment":[{"href":"https:\/\/projeler.cbvip.net\/en\/wp-json\/wp\/v2\/media?parent=7541"}],"curies":[{"name":"wp","href":"https:\/\/api.w.org\/{rel}","templated":true}]}}