{"id":7539,"date":"2025-03-04T08:42:15","date_gmt":"2025-03-04T08:42:15","guid":{"rendered":"https:\/\/projeler.cbvip.net\/?page_id=7539"},"modified":"2025-03-05T12:51:33","modified_gmt":"2025-03-05T12:51:33","slug":"vizyon-misyon","status":"publish","type":"page","link":"https:\/\/projeler.cbvip.net\/en\/vizyon-misyon\/","title":{"rendered":"VISION &amp; MISSION"},"content":{"rendered":"<div class=\"wp-block-uagb-container animated backInLeft uagb-block-09d0ba58 alignfull uagb-is-root-container\"><div class=\"uagb-container-inner-blocks-wrap\">\n<figure class=\"wp-block-image size-full is-resized\"><img fetchpriority=\"high\" decoding=\"async\" width=\"1024\" height=\"1024\" src=\"https:\/\/projeler.cbvip.net\/wp-content\/uploads\/2025\/03\/image-7.png\" alt=\"\" class=\"wp-image-7787\" style=\"width:687px;height:auto\" srcset=\"https:\/\/projeler.cbvip.net\/wp-content\/uploads\/2025\/03\/image-7.png 1024w, https:\/\/projeler.cbvip.net\/wp-content\/uploads\/2025\/03\/image-7-300x300.png 300w, https:\/\/projeler.cbvip.net\/wp-content\/uploads\/2025\/03\/image-7-150x150.png 150w\" sizes=\"(max-width: 1024px) 100vw, 1024px\" \/><\/figure>\n\n\n\n<div class=\"wp-block-uagb-container uagb-block-8e886b6e\">\n<div class=\"wp-block-uagb-advanced-heading uagb-block-8efa8ee7 o-typing-delay-100ms o-typing-faster\"><h2 class=\"uagb-heading-text\"><strong>Our Vision<\/strong>z<\/h2><\/div>\n\n\n\n<p class=\"o-typing-delay-100ms o-typing-faster\">As Coldwell Banker VIP Real Estate Consultancy, our vision is to become the strongest and most prestigious real estate consultancy firm in Turkey by offering reliable, innovative, and sustainable solutions in the real estate sector. We aim to be a pioneering brand that makes a difference in the industry by providing not just properties, but profitable investments and high-quality living spaces to our clients.<\/p>\n\n\n\n<div class=\"wp-block-uagb-separator uagb-block-55ee8d74\"><div class=\"wp-block-uagb-separator__inner\" style=\"--my-background-image:\"><\/div><\/div>\n\n\n\n<h3 class=\"wp-block-heading o-typing-delay-100ms o-typing-faster\"><strong>Our Mission<\/strong><\/h3>\n\n\n\n<p class=\"o-typing-delay-100ms o-typing-faster\">With years of experience in the real estate sector and our professional team, we are committed to providing the most suitable solutions for our clients' needs through a reliable and transparent service approach. We strive to deliver the highest quality standards in residential, commercial, and investment-focused real estate projects across every region of Turkey, aiming to maximize customer satisfaction. We operate with an approach that not only focuses on today but also plans for the future, creates value, and offers sustainable investments.<\/p>\n<\/div>\n<\/div><\/div>","protected":false},"excerpt":{"rendered":"<p>Vizyonumuz Coldwell Banker VIP Real Gayrimenkul Dan\u0131\u015fmanl\u0131\u011f\u0131 olarak, gayrimenkul sekt\u00f6r\u00fcnde g\u00fcvenilir, yenilik\u00e7i ve s\u00fcrd\u00fcr\u00fclebilir \u00e7\u00f6z\u00fcmler sunarak T\u00fcrkiye\u2019nin en g\u00fc\u00e7l\u00fc ve en prestijli gayrimenkul dan\u0131\u015fmanl\u0131k firmas\u0131 olmay\u0131 hedefliyoruz. M\u00fc\u015fterilerimize sadece bir m\u00fclk de\u011fil, kazan\u00e7l\u0131 yat\u0131r\u0131mlar ve kaliteli ya\u015fam alanlar\u0131 sunarak sekt\u00f6rde fark yaratan \u00f6nc\u00fc bir marka olmay\u0131 ama\u00e7l\u0131yoruz. Misyonumuz Gayrimenkul sekt\u00f6r\u00fcnde [&hellip;]<\/p>\n","protected":false},"author":1,"featured_media":0,"parent":0,"menu_order":0,"comment_status":"closed","ping_status":"closed","template":"","meta":{"_acf_changed":false,"_uag_custom_page_level_css":"","pgc_sgb_lightbox_settings":"","_themeisle_gutenberg_block_has_review":false,"inspiro_page_layout":"narrow","inspiro_hide_title":false,"footnotes":""},"class_list":["post-7539","page","type-page","status-publish","hentry"],"acf":[],"uagb_featured_image_src":{"full":false,"thumbnail":false,"medium":false,"medium_large":false,"large":false,"1536x1536":false,"2048x2048":false,"trp-custom-language-flag":false,"wpzoom-rcb-block-header":false,"wpzoom-rcb-block-header@2x":false,"wpzoom-rcb-block-header-square":false,"wpzoom-rcb-block-header-portrait":false,"wpzoom-rcb-block-header-square@2x":false,"wpzoom-rcb-block-step-image":false,"wpzoom-rcb-block-step-image@2x":false,"wpzoom-rcb-structured-data-1_1":false,"wpzoom-rcb-structured-data-4_3":false,"wpzoom-rcb-structured-data-16_9":false,"featured":false,"featured@2x":false,"featured-small":false,"recent-thumbnail":false,"recent-thumbnail-retina":false,"woo-featured":false,"entry-cover":false,"entry-cover@2x":false,"loop":false,"loop@2x":false,"portfolio-scroller-widget":false,"portfolio_item-thumbnail":false,"portfolio_item-thumbnail@2x":false,"portfolio_item-masonry":false,"portfolio_item-thumbnail_wide":false,"portfolio_item-thumbnail_wide_cinema":false,"portfolio_item-thumbnail_cinema":false,"portfolio_item-thumbnail_portrait":false,"portfolio_item-thumbnail_square":false,"portfolio_item-masonry@2x":false,"portfolio_item-thumbnail_portrait@2x":false},"uagb_author_info":{"display_name":"cbvip","author_link":"https:\/\/projeler.cbvip.net\/en\/author\/bektasalicankaya\/"},"uagb_comment_info":0,"uagb_excerpt":"Vizyonumuz Coldwell Banker VIP Real Gayrimenkul Dan\u0131\u015fmanl\u0131\u011f\u0131 olarak, gayrimenkul sekt\u00f6r\u00fcnde g\u00fcvenilir, yenilik\u00e7i ve s\u00fcrd\u00fcr\u00fclebilir \u00e7\u00f6z\u00fcmler sunarak T\u00fcrkiye\u2019nin en g\u00fc\u00e7l\u00fc ve en prestijli gayrimenkul dan\u0131\u015fmanl\u0131k firmas\u0131 olmay\u0131 hedefliyoruz. M\u00fc\u015fterilerimize sadece bir m\u00fclk de\u011fil, kazan\u00e7l\u0131 yat\u0131r\u0131mlar ve kaliteli ya\u015fam alanlar\u0131 sunarak sekt\u00f6rde fark yaratan \u00f6nc\u00fc bir marka olmay\u0131 ama\u00e7l\u0131yoruz. Misyonumuz Gayrimenkul sekt\u00f6r\u00fcnde [&hellip;]","featured_media_urls":[],"_links":{"self":[{"href":"https:\/\/projeler.cbvip.net\/en\/wp-json\/wp\/v2\/pages\/7539","targetHints":{"allow":["GET"]}}],"collection":[{"href":"https:\/\/projeler.cbvip.net\/en\/wp-json\/wp\/v2\/pages"}],"about":[{"href":"https:\/\/projeler.cbvip.net\/en\/wp-json\/wp\/v2\/types\/page"}],"author":[{"embeddable":true,"href":"https:\/\/projeler.cbvip.net\/en\/wp-json\/wp\/v2\/users\/1"}],"replies":[{"embeddable":true,"href":"https:\/\/projeler.cbvip.net\/en\/wp-json\/wp\/v2\/comments?post=7539"}],"version-history":[{"count":4,"href":"https:\/\/projeler.cbvip.net\/en\/wp-json\/wp\/v2\/pages\/7539\/revisions"}],"predecessor-version":[{"id":7872,"href":"https:\/\/projeler.cbvip.net\/en\/wp-json\/wp\/v2\/pages\/7539\/revisions\/7872"}],"wp:attachment":[{"href":"https:\/\/projeler.cbvip.net\/en\/wp-json\/wp\/v2\/media?parent=7539"}],"curies":[{"name":"wp","href":"https:\/\/api.w.org\/{rel}","templated":true}]}}