{"id":7536,"date":"2025-03-04T08:40:38","date_gmt":"2025-03-04T08:40:38","guid":{"rendered":"https:\/\/projeler.cbvip.net\/?page_id=7536"},"modified":"2025-03-05T12:50:31","modified_gmt":"2025-03-05T12:50:31","slug":"sirket-profili","status":"publish","type":"page","link":"https:\/\/projeler.cbvip.net\/en\/sirket-profili\/","title":{"rendered":"COMPANY PROFILE"},"content":{"rendered":"<div class=\"wp-block-uagb-container animated backInLeft uagb-block-728ed5b0 alignfull uagb-is-root-container\"><div class=\"uagb-container-inner-blocks-wrap\">\n<figure class=\"wp-block-image size-full is-resized\"><img fetchpriority=\"high\" decoding=\"async\" width=\"1024\" height=\"1024\" src=\"https:\/\/projeler.cbvip.net\/wp-content\/uploads\/2025\/03\/image-6.png\" alt=\"\" class=\"wp-image-7783\" style=\"aspect-ratio:1.3333333333333333;object-fit:cover;width:555px;height:auto\" srcset=\"https:\/\/projeler.cbvip.net\/wp-content\/uploads\/2025\/03\/image-6.png 1024w, https:\/\/projeler.cbvip.net\/wp-content\/uploads\/2025\/03\/image-6-300x300.png 300w, https:\/\/projeler.cbvip.net\/wp-content\/uploads\/2025\/03\/image-6-150x150.png 150w\" sizes=\"(max-width: 1024px) 100vw, 1024px\" \/><\/figure>\n\n\n\n<div class=\"wp-block-uagb-container uagb-block-afcc3721\">\n<p class=\"o-typing-delay-100ms o-typing-faster\">Operating under the roof of a global and well-established brand like Coldwell Banker, our company is among the most experienced and recognized names in the industry. Founded under the leadership of our broker and co-founders Mehmet Ekiciler and Erdem D\u00f6nmez, our firm offers comprehensive real estate solutions with years of experience, an innovative vision, and a professional team.<br>Our strong team, serving all across Turkey, makes a difference with its expertise and comprehensive competencies in all types of real estate projects. By always prioritizing customer satisfaction, we develop reliable, dynamic, and sustainable strategies for investment and living space solutions.<br>As Coldwell Banker VIP Real Estate Consultancy, we take pride in being one of the largest and most trusted real estate consultancy firms in Turkey, and we continue to strengthen our position as a leader in the industry at all times.<\/p>\n<\/div>\n<\/div><\/div>\n\n\n\n<p><\/p>","protected":false},"excerpt":{"rendered":"<p>Coldwell Banker gibi global ve k\u00f6kl\u00fc bir marka \u00e7at\u0131s\u0131 alt\u0131nda faaliyet g\u00f6steren firmam\u0131z, sekt\u00f6r\u00fcn en deneyimli ve tan\u0131nm\u0131\u015f isimleri aras\u0131nda yer almaktad\u0131r. Broker ve kurucu ortaklar\u0131m\u0131z Mehmet Ekiciler ile Erdem D\u00f6nmez \u00f6nderli\u011finde kurulan \u015firketimiz, y\u0131llar\u0131n tecr\u00fcbesi, yenilik\u00e7i vizyonu ve profesyonel ekibiyle gayrimenkul alan\u0131nda t\u00fcm \u00e7\u00f6z\u00fcmleri sizlere sunmaktad\u0131r.T\u00fcrkiye\u2019nin d\u00f6rt bir yan\u0131na [&hellip;]<\/p>\n","protected":false},"author":1,"featured_media":0,"parent":0,"menu_order":0,"comment_status":"closed","ping_status":"closed","template":"","meta":{"_acf_changed":false,"_uag_custom_page_level_css":"","pgc_sgb_lightbox_settings":"","_themeisle_gutenberg_block_has_review":false,"inspiro_page_layout":"narrow","inspiro_hide_title":false,"footnotes":""},"class_list":["post-7536","page","type-page","status-publish","hentry"],"acf":[],"uagb_featured_image_src":{"full":false,"thumbnail":false,"medium":false,"medium_large":false,"large":false,"1536x1536":false,"2048x2048":false,"trp-custom-language-flag":false,"wpzoom-rcb-block-header":false,"wpzoom-rcb-block-header@2x":false,"wpzoom-rcb-block-header-square":false,"wpzoom-rcb-block-header-portrait":false,"wpzoom-rcb-block-header-square@2x":false,"wpzoom-rcb-block-step-image":false,"wpzoom-rcb-block-step-image@2x":false,"wpzoom-rcb-structured-data-1_1":false,"wpzoom-rcb-structured-data-4_3":false,"wpzoom-rcb-structured-data-16_9":false,"featured":false,"featured@2x":false,"featured-small":false,"recent-thumbnail":false,"recent-thumbnail-retina":false,"woo-featured":false,"entry-cover":false,"entry-cover@2x":false,"loop":false,"loop@2x":false,"portfolio-scroller-widget":false,"portfolio_item-thumbnail":false,"portfolio_item-thumbnail@2x":false,"portfolio_item-masonry":false,"portfolio_item-thumbnail_wide":false,"portfolio_item-thumbnail_wide_cinema":false,"portfolio_item-thumbnail_cinema":false,"portfolio_item-thumbnail_portrait":false,"portfolio_item-thumbnail_square":false,"portfolio_item-masonry@2x":false,"portfolio_item-thumbnail_portrait@2x":false},"uagb_author_info":{"display_name":"cbvip","author_link":"https:\/\/projeler.cbvip.net\/en\/author\/bektasalicankaya\/"},"uagb_comment_info":0,"uagb_excerpt":"Coldwell Banker gibi global ve k\u00f6kl\u00fc bir marka \u00e7at\u0131s\u0131 alt\u0131nda faaliyet g\u00f6steren firmam\u0131z, sekt\u00f6r\u00fcn en deneyimli ve tan\u0131nm\u0131\u015f isimleri aras\u0131nda yer almaktad\u0131r. Broker ve kurucu ortaklar\u0131m\u0131z Mehmet Ekiciler ile Erdem D\u00f6nmez \u00f6nderli\u011finde kurulan \u015firketimiz, y\u0131llar\u0131n tecr\u00fcbesi, yenilik\u00e7i vizyonu ve profesyonel ekibiyle gayrimenkul alan\u0131nda t\u00fcm \u00e7\u00f6z\u00fcmleri sizlere sunmaktad\u0131r.T\u00fcrkiye\u2019nin d\u00f6rt bir yan\u0131na [&hellip;]","featured_media_urls":[],"_links":{"self":[{"href":"https:\/\/projeler.cbvip.net\/en\/wp-json\/wp\/v2\/pages\/7536","targetHints":{"allow":["GET"]}}],"collection":[{"href":"https:\/\/projeler.cbvip.net\/en\/wp-json\/wp\/v2\/pages"}],"about":[{"href":"https:\/\/projeler.cbvip.net\/en\/wp-json\/wp\/v2\/types\/page"}],"author":[{"embeddable":true,"href":"https:\/\/projeler.cbvip.net\/en\/wp-json\/wp\/v2\/users\/1"}],"replies":[{"embeddable":true,"href":"https:\/\/projeler.cbvip.net\/en\/wp-json\/wp\/v2\/comments?post=7536"}],"version-history":[{"count":5,"href":"https:\/\/projeler.cbvip.net\/en\/wp-json\/wp\/v2\/pages\/7536\/revisions"}],"predecessor-version":[{"id":7871,"href":"https:\/\/projeler.cbvip.net\/en\/wp-json\/wp\/v2\/pages\/7536\/revisions\/7871"}],"wp:attachment":[{"href":"https:\/\/projeler.cbvip.net\/en\/wp-json\/wp\/v2\/media?parent=7536"}],"curies":[{"name":"wp","href":"https:\/\/api.w.org\/{rel}","templated":true}]}}